{"id":195,"date":"2024-04-19T18:00:04","date_gmt":"2024-04-19T18:00:04","guid":{"rendered":"https:\/\/hanifionalan.com\/?page_id=195"},"modified":"2024-12-14T13:20:10","modified_gmt":"2024-12-14T13:20:10","slug":"iletisim","status":"publish","type":"page","link":"https:\/\/hanifionalan.com\/en\/iletisim\/","title":{"rendered":"Contact"},"content":{"rendered":"<div data-elementor-type=\"wp-page\" data-elementor-id=\"195\" class=\"elementor elementor-195\" data-elementor-post-type=\"page\">\n\t\t\t\t<div class=\"elementor-element elementor-element-85eeb1d e-con-full e-flex e-con e-parent\" data-id=\"85eeb1d\" data-element_type=\"container\">\n\t\t\t\t<div class=\"elementor-element elementor-element-717420d elementor-widget elementor-widget-mavis_contact_info\" data-id=\"717420d\" data-element_type=\"widget\" data-widget_type=\"mavis_contact_info.default\">\n\t\t\t\t<div class=\"elementor-widget-container\">\n\t\t\t        <!-- Start Contact Info Area -->\r\n        <div class=\"contact-info-area pt-120 pb-95\">\r\n            <div class=\"container\">\r\n                <div class=\"row justify-content-center\">\r\n                                            <div class=\"col-xl-4 col-md-6\">\r\n                            <div class=\"contact-info-card\">\r\n                                <div class=\"icon\">\r\n                                    <i class=\"flaticon-pin\"><\/i>\r\n                                <\/div>\r\n                                <div class=\"title\">\r\n                                    <span>Address:<\/span>\r\n                                    <p>Barbaros Mh. H.Ahmet Yesevi Cd. No:149 G\u00fcne\u015fli \/ \u0130stanbul<\/p>\r\n                                <\/div>\r\n                            <\/div>\r\n                        <\/div>\r\n                    \r\n                                            <div class=\"col-xl-4 col-md-6\">\r\n                            <div class=\"contact-info-card bg-wrap-two\">\r\n                                <div class=\"icon\">\r\n                                    <i class=\"flaticon-telephone\"><\/i>\r\n                                <\/div>\r\n                                <div class=\"title\">\r\n                                    <span>Phone:<\/span>\r\n                                    <p>\r\n                                                                                    <a href=\"tel: 90 542 328 86 44\">+90 542 328 86 44<\/a>\r\n                                        \r\n                                                                            <\/p>\r\n                                <\/div>\r\n                            <\/div>\r\n                        <\/div>\r\n                    \r\n                                            <div class=\"col-xl-4 col-md-6\">\r\n                            <div class=\"contact-info-card bg-wrap-three\">\r\n                                <div class=\"icon\">\r\n                                    <i class=\"flaticon-envelope\"><\/i>\r\n                                <\/div>\r\n                                <div class=\"title\">\r\n                                    <span>Email Address:<\/span>\r\n                                    <p>\r\n                                                                                    <a href=\"mailto:info@hanifionalan.com\">info@hanifionalan.com<\/a>\r\n                                        \r\n                                                                            <\/p>\r\n                                <\/div>\r\n                            <\/div>\r\n                        <\/div>\r\n                                    <\/div>\r\n            <\/div>\r\n        <\/div>\r\n        <!-- End Contact Info Area -->\r\n        \t\t<\/div>\n\t\t\t\t<\/div>\n\t\t\t\t<\/div>\n\t\t<div class=\"elementor-element elementor-element-4bf1770 e-con-full e-flex e-con e-parent\" data-id=\"4bf1770\" data-element_type=\"container\">\n\t\t\t\t<div class=\"elementor-element elementor-element-d00f0ca elementor-widget elementor-widget-mavis_form_area\" data-id=\"d00f0ca\" data-element_type=\"widget\" data-widget_type=\"mavis_form_area.default\">\n\t\t\t\t<div class=\"elementor-widget-container\">\n\t\t\t        <div class=\"contact-area pb-120\">\r\n            <div class=\"container\">\r\n                <div class=\"row justify-content-center\" data-cues=\"slideInUp\">\r\n                                            <div class=\"col-lg-5 col-md-12\">\r\n                            <div class=\"contact-image\" style=\"background-image:url(https:\/\/hanifionalan.com\/wp-content\/uploads\/2024\/09\/iletisim.webp);\"><\/div>\r\n                        <\/div>\r\n                        <div class=\"col-lg-7 col-md-12\">\r\n                                                <div class=\"contact-form\">\r\n                                <div class=\"content\">\r\n                                    <h3>Contact Us<\/h3>\r\n                                    <p>Your e-mail address will not be published. \nMandatory fields are marked with (*).<\/p>\r\n                                <\/div>\r\n                                \n<div class=\"wpcf7 no-js\" id=\"wpcf7-f996-o1\" lang=\"en-US\" dir=\"ltr\" data-wpcf7-id=\"996\">\n<div class=\"screen-reader-response\"><p role=\"status\" aria-live=\"polite\" aria-atomic=\"true\"><\/p> <ul><\/ul><\/div>\n<form action=\"\/wp-json\/wp\/v2\/pages\/195\" method=\"post\" class=\"wpcf7-form init\" aria-label=\"Contact form\" novalidate=\"novalidate\" data-status=\"init\" data-trp-original-action=\"\/en\/wp-json\/wp\/v2\/pages\/195#wpcf7-f996-o1\">\n<div style=\"display: none;\">\n<input type=\"hidden\" name=\"_wpcf7\" value=\"996\" \/>\n<input type=\"hidden\" name=\"_wpcf7_version\" value=\"6.0.1\" \/>\n<input type=\"hidden\" name=\"_wpcf7_locale\" value=\"en_US\" \/>\n<input type=\"hidden\" name=\"_wpcf7_unit_tag\" value=\"wpcf7-f996-o1\" \/>\n<input type=\"hidden\" name=\"_wpcf7_container_post\" value=\"0\" \/>\n<input type=\"hidden\" name=\"_wpcf7_posted_data_hash\" value=\"\" \/>\n<\/div>\n<div class=\"form-group\">\n\t<p><label>Name Surname *<\/label><br \/>\n<span class=\"wpcf7-form-control-wrap\" data-name=\"your-name\"><input size=\"40\" maxlength=\"400\" class=\"wpcf7-form-control wpcf7-text wpcf7-validates-as-required form-control\" aria-required=\"true\" aria-invalid=\"false\" placeholder=\"Enter Name and Surname\" value=\"\" type=\"text\" name=\"your-name\" \/><\/span>\n\t<\/p>\n<\/div>\n<div class=\"form-group\">\n\t<p><label>Email Address *<\/label><br \/>\n<span class=\"wpcf7-form-control-wrap\" data-name=\"your-email\"><input size=\"40\" maxlength=\"400\" class=\"wpcf7-form-control wpcf7-email wpcf7-validates-as-required wpcf7-text wpcf7-validates-as-email form-control\" aria-required=\"true\" aria-invalid=\"false\" placeholder=\"Enter your email\" value=\"\" type=\"email\" name=\"your-email\" \/><\/span>\n\t<\/p>\n<\/div>\n<div class=\"form-group\">\n\t<p><label>Message *<\/label><br \/>\n<span class=\"wpcf7-form-control-wrap\" data-name=\"your-comment\"><textarea cols=\"40\" rows=\"10\" maxlength=\"2000\" class=\"wpcf7-form-control wpcf7-textarea wpcf7-validates-as-required form-control\" aria-required=\"true\" aria-invalid=\"false\" placeholder=\"Message\" name=\"your-comment\"><\/textarea><\/span>\n\t<\/p>\n<\/div>\n<div class=\"form-group\">\n\t<p><span class=\"wpcf7-form-control-wrap\" data-name=\"gdpr\"><span class=\"wpcf7-form-control wpcf7-acceptance\"><span class=\"wpcf7-list-item\"><label><input type=\"checkbox\" name=\"gdpr\" value=\"1\" class=\"gdpr-term\" aria-invalid=\"false\" \/><span class=\"wpcf7-list-item-label\">I accept <a href=\"https:\/\/hanifionalan.com\/en\/terms-conditions\/\">terms &amp; conditions<\/a>.<\/span><\/label><\/span><\/span><\/span>\n\t<\/p>\n<\/div>\n<p><button type=\"submit\" style=\"background-color:#003637\" class=\"default-btn\"><br \/>\n<span class=\"btn-left-i\"><br \/>\n<i class=\"flaticon-right-arrow\"><\/i><br \/>\n<\/span><br \/>\nSend Now<br \/>\n<span class=\"btn-right-i\"><br \/>\n<i class=\"flaticon-right-arrow\"><\/i><br \/>\n<\/span><br \/>\n<\/button>\n<\/p><div class=\"wpcf7-response-output\" aria-hidden=\"true\"><\/div>\n<input type=\"hidden\" name=\"trp-form-language\" value=\"en\"\/><\/form>\n<\/div>\n                            <\/div>\r\n                        <\/div>\r\n                <\/div>\r\n            <\/div>\r\n        <\/div>\r\n        \t\t<\/div>\n\t\t\t\t<\/div>\n\t\t\t\t<\/div>\n\t\t\t\t<\/div>","protected":false},"excerpt":{"rendered":"<p>Adres: Barbaros Mh. H.Ahmet Yesevi Cd. No:149 G\u00fcne\u015fli \/ \u0130stanbul Telefon: +90 542 328 86 44 Mail Adresi: info@hanifionalan.com \u0130leti\u015fime Ge\u00e7in E-posta adresiniz yay\u0131nlanmayacak. Zorunlu alanlar (*) ile i\u015faretlenmi\u015ftir. \u0130sim Soyisim * E-posta Adresi * Mesaj * Kabul Ediyorum h\u00fck\u00fcm &#038; ko\u015fullar\u0131. \u015eimdi G\u00f6nder<\/p>","protected":false},"author":1,"featured_media":0,"parent":0,"menu_order":0,"comment_status":"closed","ping_status":"closed","template":"","meta":{"_acf_changed":false,"footnotes":""},"class_list":["post-195","page","type-page","status-publish","hentry"],"acf":[],"_links":{"self":[{"href":"https:\/\/hanifionalan.com\/en\/wp-json\/wp\/v2\/pages\/195","targetHints":{"allow":["GET"]}}],"collection":[{"href":"https:\/\/hanifionalan.com\/en\/wp-json\/wp\/v2\/pages"}],"about":[{"href":"https:\/\/hanifionalan.com\/en\/wp-json\/wp\/v2\/types\/page"}],"author":[{"embeddable":true,"href":"https:\/\/hanifionalan.com\/en\/wp-json\/wp\/v2\/users\/1"}],"replies":[{"embeddable":true,"href":"https:\/\/hanifionalan.com\/en\/wp-json\/wp\/v2\/comments?post=195"}],"version-history":[{"count":116,"href":"https:\/\/hanifionalan.com\/en\/wp-json\/wp\/v2\/pages\/195\/revisions"}],"predecessor-version":[{"id":5186,"href":"https:\/\/hanifionalan.com\/en\/wp-json\/wp\/v2\/pages\/195\/revisions\/5186"}],"wp:attachment":[{"href":"https:\/\/hanifionalan.com\/en\/wp-json\/wp\/v2\/media?parent=195"}],"curies":[{"name":"wp","href":"https:\/\/api.w.org\/{rel}","templated":true}]}}