{"id":580,"date":"2024-04-22T10:27:44","date_gmt":"2024-04-22T10:27:44","guid":{"rendered":"https:\/\/hanifionalan.com\/?page_id=580"},"modified":"2024-09-20T06:56:16","modified_gmt":"2024-09-20T06:56:16","slug":"yorumlar","status":"publish","type":"page","link":"https:\/\/hanifionalan.com\/en\/yorumlar\/","title":{"rendered":"Yorumlar"},"content":{"rendered":"<div data-elementor-type=\"wp-page\" data-elementor-id=\"580\" class=\"elementor elementor-580\" data-elementor-post-type=\"page\">\n\t\t\t\t<div class=\"elementor-element elementor-element-3d86ade e-con-full e-flex e-con e-parent\" data-id=\"3d86ade\" data-element_type=\"container\">\n\t\t\t\t<div class=\"elementor-element elementor-element-aabbc32 elementor-widget elementor-widget-mavis_testimonial_three\" data-id=\"aabbc32\" data-element_type=\"widget\" data-widget_type=\"mavis_testimonial_three.default\">\n\t\t\t\t<div class=\"elementor-widget-container\">\n\t\t\t        <div class=\"clients-feedback-area ptb-120\">\r\n            <div class=\"container\">\r\n                <div class=\"row justify-content-center\">\r\n                                            <div class=\"col-lg-6 col-md-12\">\r\n                            <div class=\"clients-feedback-card with-large-padding elementor-repeater-item-1eb7611\">\r\n                                <div class=\"quote\">\r\n                                    <i class=\"flaticon-right-quote\"><\/i>\r\n                                <\/div>\r\n                                <p><br> Harika bir operasyon sonu a\u011fr\u0131 s\u0131z\u0131 yok . Hanifi hoca sayesinde art\u0131k sa\u011fl\u0131kl\u0131 bir ya\u015fam. <br> <br><\/p>\r\n                                <div class=\"bottom\">\r\n                                    <div class=\"info\">\r\n                                        \r\n                                        <div class=\"title\">\r\n                                            <h3>Okan Kuru<\/h3>\r\n                                            <span><\/span>\r\n                                        <\/div>\r\n                                    <\/div>\r\n\r\n                                    <ul class=\"rating\">\r\n                                                                                    <li><i class=\"flaticon-star\"><\/i><\/li>\r\n                                                                                    <li><i class=\"flaticon-star\"><\/i><\/li>\r\n                                                                                    <li><i class=\"flaticon-star\"><\/i><\/li>\r\n                                                                                    <li><i class=\"flaticon-star\"><\/i><\/li>\r\n                                                                                    <li><i class=\"flaticon-star\"><\/i><\/li>\r\n                                                                            <\/ul>\r\n                                <\/div>\r\n                            <\/div>\r\n                        <\/div>\r\n                                            <div class=\"col-lg-6 col-md-12\">\r\n                            <div class=\"clients-feedback-card with-large-padding elementor-repeater-item-d8f7535\">\r\n                                <div class=\"quote\">\r\n                                    <i class=\"flaticon-right-quote\"><\/i>\r\n                                <\/div>\r\n                                <p> <br> \u0130lgili ve kendini iyi hissetti\u011finiz bir s\u00fcre\u00e7 istiyorsan\u0131z hanifi hocay\u0131 tercih edin.\n<br> <br>\n<\/p>\r\n                                <div class=\"bottom\">\r\n                                    <div class=\"info\">\r\n                                        \r\n                                        <div class=\"title\">\r\n                                            <h3>K\u00fcr\u015fat \u00c7a\u011fr\u0131 Erol<\/h3>\r\n                                            <span><\/span>\r\n                                        <\/div>\r\n                                    <\/div>\r\n\r\n                                    <ul class=\"rating\">\r\n                                                                                    <li><i class=\"flaticon-star\"><\/i><\/li>\r\n                                                                                    <li><i class=\"flaticon-star\"><\/i><\/li>\r\n                                                                                    <li><i class=\"flaticon-star\"><\/i><\/li>\r\n                                                                                    <li><i class=\"flaticon-star\"><\/i><\/li>\r\n                                                                                    <li><i class=\"flaticon-star\"><\/i><\/li>\r\n                                                                            <\/ul>\r\n                                <\/div>\r\n                            <\/div>\r\n                        <\/div>\r\n                                            <div class=\"col-lg-6 col-md-12\">\r\n                            <div class=\"clients-feedback-card with-large-padding elementor-repeater-item-b646c72\">\r\n                                <div class=\"quote\">\r\n                                    <i class=\"flaticon-right-quote\"><\/i>\r\n                                <\/div>\r\n                                <p>Ben \u00d6zkan bora Hanifi hocaya hem t\u00fcp mide 1 y\u0131l \u00f6nce hemde ka\u015f\u0131k f\u0131t\u0131\u011f\u0131 amaliyat\u0131 oldum g\u00f6rece\u011finiz en m\u00fctevazi en m\u00fckemmel hoca d\u0131r .eline ve eme\u011fine sa\u011fl\u0131k hocam . hem\u015fire Hatice han\u0131ma \u00e7ok te\u015fekk\u00fcr ederim.\n\n<\/p>\r\n                                <div class=\"bottom\">\r\n                                    <div class=\"info\">\r\n                                        \r\n                                        <div class=\"title\">\r\n                                            <h3>\u00d6zkan Bora<\/h3>\r\n                                            <span><\/span>\r\n                                        <\/div>\r\n                                    <\/div>\r\n\r\n                                    <ul class=\"rating\">\r\n                                                                                    <li><i class=\"flaticon-star\"><\/i><\/li>\r\n                                                                                    <li><i class=\"flaticon-star\"><\/i><\/li>\r\n                                                                                    <li><i class=\"flaticon-star\"><\/i><\/li>\r\n                                                                                    <li><i class=\"flaticon-star\"><\/i><\/li>\r\n                                                                                    <li><i class=\"flaticon-star\"><\/i><\/li>\r\n                                                                            <\/ul>\r\n                                <\/div>\r\n                            <\/div>\r\n                        <\/div>\r\n                                            <div class=\"col-lg-6 col-md-12\">\r\n                            <div class=\"clients-feedback-card with-large-padding elementor-repeater-item-9e97fca\">\r\n                                <div class=\"quote\">\r\n                                    <i class=\"flaticon-right-quote\"><\/i>\r\n                                <\/div>\r\n                                <p>Hanifi hocay\u0131 \u0131nstagram dan g\u00f6rd\u00fcm ara\u015ft\u0131rd\u0131m ve ameliyat\u0131m\u0131z\u0131 g\u00fcvenli bir \u015fekilde oldum kendisi ve ekip arkada\u015flar\u0131 \u00e7ok m\u00fctevazi her an\u0131mda yan\u0131ndayd\u0131lar te\u015fekk\u00fcr ediyorum \n<\/p>\r\n                                <div class=\"bottom\">\r\n                                    <div class=\"info\">\r\n                                        \r\n                                        <div class=\"title\">\r\n                                            <h3>Berat S\u00f6nmez<\/h3>\r\n                                            <span><\/span>\r\n                                        <\/div>\r\n                                    <\/div>\r\n\r\n                                    <ul class=\"rating\">\r\n                                                                                    <li><i class=\"flaticon-star\"><\/i><\/li>\r\n                                                                                    <li><i class=\"flaticon-star\"><\/i><\/li>\r\n                                                                                    <li><i class=\"flaticon-star\"><\/i><\/li>\r\n                                                                                    <li><i class=\"flaticon-star\"><\/i><\/li>\r\n                                                                                    <li><i class=\"flaticon-star\"><\/i><\/li>\r\n                                                                            <\/ul>\r\n                                <\/div>\r\n                            <\/div>\r\n                        <\/div>\r\n                                            <div class=\"col-lg-6 col-md-12\">\r\n                            <div class=\"clients-feedback-card with-large-padding elementor-repeater-item-cf0a0bc\">\r\n                                <div class=\"quote\">\r\n                                    <i class=\"flaticon-right-quote\"><\/i>\r\n                                <\/div>\r\n                                <p><br> \u00c7ar\u015famba g\u00fcn\u00fc ameliyat oldum Sordu\u011fum b\u00fct\u00fcn sorulara net cevap vermesi ile beni ameliyata ikna eden Hanifi hocama \u00e7ok te\u015fekk\u00fcr ediyorum ilk g\u00fcn biraz a\u011fr\u0131m oldu normal olarak sonras\u0131nda a\u011fr\u0131 \u00e7ekmedim ve gayet g\u00fczel ba\u015far\u0131l\u0131 ge\u00e7ti.\n<\/p>\r\n                                <div class=\"bottom\">\r\n                                    <div class=\"info\">\r\n                                        \r\n                                        <div class=\"title\">\r\n                                            <h3>Resul Da\u011fdeviren<\/h3>\r\n                                            <span><\/span>\r\n                                        <\/div>\r\n                                    <\/div>\r\n\r\n                                    <ul class=\"rating\">\r\n                                                                                    <li><i class=\"flaticon-star\"><\/i><\/li>\r\n                                                                                    <li><i class=\"flaticon-star\"><\/i><\/li>\r\n                                                                                    <li><i class=\"flaticon-star\"><\/i><\/li>\r\n                                                                                    <li><i class=\"flaticon-star\"><\/i><\/li>\r\n                                                                                    <li><i class=\"flaticon-star\"><\/i><\/li>\r\n                                                                            <\/ul>\r\n                                <\/div>\r\n                            <\/div>\r\n                        <\/div>\r\n                                            <div class=\"col-lg-6 col-md-12\">\r\n                            <div class=\"clients-feedback-card with-large-padding elementor-repeater-item-af062f7\">\r\n                                <div class=\"quote\">\r\n                                    <i class=\"flaticon-right-quote\"><\/i>\r\n                                <\/div>\r\n                                <p>Uzun ara\u015ft\u0131rmalar\u0131n\u0131n sonunda t\u00fcp mide ameliyat\u0131 i\u00e7in Hanife hoca'ya ameliyat olmak i\u00e7in karar verdim bug\u00fcn 4 g\u00fcn\u00fcm taburcu oluyorum Hanife Hoca'dan ve t\u00fcm ekipten hem\u015fireden hasta bak\u0131c\u0131s\u0131 na kadar herkesden Allah raz\u0131 olsun ameliyat\u0131m \u00e7ok ba\u015far\u0131l\u0131 ge\u00e7ti g\u00fcler y\u00fczl\u00fc samimi bir ortam\n<\/p>\r\n                                <div class=\"bottom\">\r\n                                    <div class=\"info\">\r\n                                        \r\n                                        <div class=\"title\">\r\n                                            <h3>Seref Barakoglu<\/h3>\r\n                                            <span><\/span>\r\n                                        <\/div>\r\n                                    <\/div>\r\n\r\n                                    <ul class=\"rating\">\r\n                                                                                    <li><i class=\"flaticon-star\"><\/i><\/li>\r\n                                                                                    <li><i class=\"flaticon-star\"><\/i><\/li>\r\n                                                                                    <li><i class=\"flaticon-star\"><\/i><\/li>\r\n                                                                                    <li><i class=\"flaticon-star\"><\/i><\/li>\r\n                                                                                    <li><i class=\"flaticon-star\"><\/i><\/li>\r\n                                                                            <\/ul>\r\n                                <\/div>\r\n                            <\/div>\r\n                        <\/div>\r\n                                    <\/div>\r\n            <\/div>\r\n        <\/div>\r\n        \t\t<\/div>\n\t\t\t\t<\/div>\n\t\t\t\t<\/div>\n\t\t\t\t<\/div>","protected":false},"excerpt":{"rendered":"<p>Harika bir operasyon sonu a\u011fr\u0131 s\u0131z\u0131 yok . Hanifi hoca sayesinde art\u0131k sa\u011fl\u0131kl\u0131 bir ya\u015fam. Okan Kuru \u0130lgili ve kendini iyi hissetti\u011finiz bir s\u00fcre\u00e7 istiyorsan\u0131z hanifi hocay\u0131 tercih edin. K\u00fcr\u015fat \u00c7a\u011fr\u0131 Erol Ben \u00d6zkan bora Hanifi hocaya hem t\u00fcp mide 1 y\u0131l \u00f6nce hemde ka\u015f\u0131k f\u0131t\u0131\u011f\u0131 amaliyat\u0131 oldum g\u00f6rece\u011finiz en m\u00fctevazi en m\u00fckemmel hoca d\u0131r <\/p>","protected":false},"author":1,"featured_media":0,"parent":0,"menu_order":0,"comment_status":"closed","ping_status":"closed","template":"","meta":{"_acf_changed":false,"footnotes":""},"class_list":["post-580","page","type-page","status-publish","hentry"],"acf":[],"_links":{"self":[{"href":"https:\/\/hanifionalan.com\/en\/wp-json\/wp\/v2\/pages\/580","targetHints":{"allow":["GET"]}}],"collection":[{"href":"https:\/\/hanifionalan.com\/en\/wp-json\/wp\/v2\/pages"}],"about":[{"href":"https:\/\/hanifionalan.com\/en\/wp-json\/wp\/v2\/types\/page"}],"author":[{"embeddable":true,"href":"https:\/\/hanifionalan.com\/en\/wp-json\/wp\/v2\/users\/1"}],"replies":[{"embeddable":true,"href":"https:\/\/hanifionalan.com\/en\/wp-json\/wp\/v2\/comments?post=580"}],"version-history":[{"count":14,"href":"https:\/\/hanifionalan.com\/en\/wp-json\/wp\/v2\/pages\/580\/revisions"}],"predecessor-version":[{"id":2901,"href":"https:\/\/hanifionalan.com\/en\/wp-json\/wp\/v2\/pages\/580\/revisions\/2901"}],"wp:attachment":[{"href":"https:\/\/hanifionalan.com\/en\/wp-json\/wp\/v2\/media?parent=580"}],"curies":[{"name":"wp","href":"https:\/\/api.w.org\/{rel}","templated":true}]}}